{"id":296,"date":"2025-09-17T11:33:08","date_gmt":"2025-09-17T15:33:08","guid":{"rendered":"http:\/\/courtier-immobilier.local\/property-alert\/"},"modified":"2025-10-31T16:50:00","modified_gmt":"2025-10-31T20:50:00","slug":"property-alert","status":"publish","type":"page","link":"https:\/\/www.jennyimmorivenord.com\/en\/property-alert\/","title":{"rendered":"Property alert"},"content":{"rendered":"\n<div class=\"wp-block-columns is-layout-flex wp-container-core-columns-is-layout-9d6595d7 wp-block-columns-is-layout-flex\">\n<div class=\"wp-block-column is-layout-flow wp-block-column-is-layout-flow\" style=\"flex-basis:66.66%\">\n<div class=\"wp-block-contact-form-7-contact-form-selector\">\n<div class=\"wpcf7 no-js\" id=\"wpcf7-f438-o1\" lang=\"en-US\" dir=\"ltr\" data-wpcf7-id=\"438\">\n<div class=\"screen-reader-response\"><p role=\"status\" aria-live=\"polite\" aria-atomic=\"true\"><\/p> <ul><\/ul><\/div>\n<form action=\"\/en\/wp-json\/wp\/v2\/pages\/296#wpcf7-f438-o1\" method=\"post\" class=\"wpcf7-form init\" aria-label=\"Contact form\" novalidate=\"novalidate\" data-status=\"init\">\n<fieldset class=\"hidden-fields-container\"><input type=\"hidden\" name=\"_wpcf7\" value=\"438\" \/><input type=\"hidden\" name=\"_wpcf7_version\" value=\"6.1.5\" \/><input type=\"hidden\" name=\"_wpcf7_locale\" value=\"en_US\" \/><input type=\"hidden\" name=\"_wpcf7_unit_tag\" value=\"wpcf7-f438-o1\" \/><input type=\"hidden\" name=\"_wpcf7_container_post\" value=\"0\" \/><input type=\"hidden\" name=\"_wpcf7_posted_data_hash\" value=\"\" \/>\n<\/fieldset>\n<div class=\"container\">\n\t<div class=\"row\">\n\t\t<div class=\"col-12\">\n\t\t\t<h3>Your Contact Information\n\t\t\t<\/h3>\n\t\t<\/div>\n\t<\/div>\n\t<div class=\"row\">\n\t\t<div class=\"col-12\">\n\t\t\t<p><label>Full Name<br \/>\n<span class=\"wpcf7-form-control-wrap\" data-name=\"your-name\"><input size=\"40\" maxlength=\"400\" class=\"wpcf7-form-control wpcf7-text wpcf7-validates-as-required\" autocomplete=\"name\" aria-required=\"true\" aria-invalid=\"false\" value=\"\" type=\"text\" name=\"your-name\" \/><\/span><\/label>\n\t\t\t<\/p>\n\t\t<\/div>\n\t\t<div class=\"col-12 col-md-6\">\n\t\t\t<p><label>Phone<br \/>\n<span class=\"wpcf7-form-control-wrap\" data-name=\"your-tel\"><input size=\"40\" maxlength=\"400\" class=\"wpcf7-form-control wpcf7-text\" autocomplete=\"telephone\" aria-invalid=\"false\" value=\"\" type=\"text\" name=\"your-tel\" \/><\/span><\/label>\n\t\t\t<\/p>\n\t\t<\/div>\n\t\t<div class=\"col-12 col-md-6\">\n\t\t\t<p><label>Email<br \/>\n<span class=\"wpcf7-form-control-wrap\" data-name=\"your-email\"><input size=\"40\" maxlength=\"400\" class=\"wpcf7-form-control wpcf7-email wpcf7-validates-as-required wpcf7-text wpcf7-validates-as-email\" autocomplete=\"email\" aria-required=\"true\" aria-invalid=\"false\" value=\"\" type=\"email\" name=\"your-email\" \/><\/span><\/label>\n\t\t\t<\/p>\n\t\t<\/div>\n\t<\/div>\n\t<div class=\"row\">\n\t\t<div class=\"col-12\">\n\t\t\t<h3>Criteria\n\t\t\t<\/h3>\n\t\t<\/div>\n\t<\/div>\n\t<div class=\"row\">\n\t\t<div class=\"col-12\">\n\t\t\t<p>What type of property are you looking for?<br \/>\n<span class=\"wpcf7-form-control-wrap\" data-name=\"checkbox-943\"><span class=\"wpcf7-form-control wpcf7-checkbox wpcf7-validates-as-required\"><span class=\"wpcf7-list-item first\"><label><input type=\"checkbox\" name=\"checkbox-943[]\" value=\"Two-story house\" \/><span class=\"wpcf7-list-item-label\">Two-story house<\/span><\/label><\/span><span class=\"wpcf7-list-item\"><label><input type=\"checkbox\" name=\"checkbox-943[]\" value=\"Bungalow\" \/><span class=\"wpcf7-list-item-label\">Bungalow<\/span><\/label><\/span><span class=\"wpcf7-list-item\"><label><input type=\"checkbox\" name=\"checkbox-943[]\" value=\"Apartment\" \/><span class=\"wpcf7-list-item-label\">Apartment<\/span><\/label><\/span><span class=\"wpcf7-list-item\"><label><input type=\"checkbox\" name=\"checkbox-943[]\" value=\"Income property\" \/><span class=\"wpcf7-list-item-label\">Income property<\/span><\/label><\/span><span class=\"wpcf7-list-item\"><label><input type=\"checkbox\" name=\"checkbox-943[]\" value=\"Duplex\" \/><span class=\"wpcf7-list-item-label\">Duplex<\/span><\/label><\/span><span class=\"wpcf7-list-item\"><label><input type=\"checkbox\" name=\"checkbox-943[]\" value=\"Triplex\" \/><span class=\"wpcf7-list-item-label\">Triplex<\/span><\/label><\/span><span class=\"wpcf7-list-item\"><label><input type=\"checkbox\" name=\"checkbox-943[]\" value=\"Fourplex\" \/><span class=\"wpcf7-list-item-label\">Fourplex<\/span><\/label><\/span><span class=\"wpcf7-list-item\"><label><input type=\"checkbox\" name=\"checkbox-943[]\" value=\"Fiveplex\" \/><span class=\"wpcf7-list-item-label\">Fiveplex<\/span><\/label><\/span><span class=\"wpcf7-list-item last\"><label><input type=\"checkbox\" name=\"checkbox-943[]\" value=\"Other\" \/><span class=\"wpcf7-list-item-label\">Other<\/span><\/label><\/span><\/span><\/span>\n\t\t\t<\/p>\n\t\t<\/div>\n\t\t<div class=\"col-12\">\n\t\t\t<p>In which area?<br \/>\n<span class=\"wpcf7-form-control-wrap\" data-name=\"checkbox-902\"><span class=\"wpcf7-form-control wpcf7-checkbox wpcf7-validates-as-required\"><span class=\"wpcf7-list-item first\"><label><input type=\"checkbox\" name=\"checkbox-902[]\" value=\"Blainville\" \/><span class=\"wpcf7-list-item-label\">Blainville<\/span><\/label><\/span><span class=\"wpcf7-list-item\"><label><input type=\"checkbox\" name=\"checkbox-902[]\" value=\"Boisbriand\" \/><span class=\"wpcf7-list-item-label\">Boisbriand<\/span><\/label><\/span><span class=\"wpcf7-list-item\"><label><input type=\"checkbox\" name=\"checkbox-902[]\" value=\"Deux-Montagnes\" \/><span class=\"wpcf7-list-item-label\">Deux-Montagnes<\/span><\/label><\/span><span class=\"wpcf7-list-item\"><label><input type=\"checkbox\" name=\"checkbox-902[]\" value=\"Laval\" \/><span class=\"wpcf7-list-item-label\">Laval<\/span><\/label><\/span><span class=\"wpcf7-list-item\"><label><input type=\"checkbox\" name=\"checkbox-902[]\" value=\"Lorraine\" \/><span class=\"wpcf7-list-item-label\">Lorraine<\/span><\/label><\/span><span class=\"wpcf7-list-item\"><label><input type=\"checkbox\" name=\"checkbox-902[]\" value=\"Mirabel\" \/><span class=\"wpcf7-list-item-label\">Mirabel<\/span><\/label><\/span><span class=\"wpcf7-list-item\"><label><input type=\"checkbox\" name=\"checkbox-902[]\" value=\"Montreal\" \/><span class=\"wpcf7-list-item-label\">Montreal<\/span><\/label><\/span><span class=\"wpcf7-list-item\"><label><input type=\"checkbox\" name=\"checkbox-902[]\" value=\"Rosem\u00e8re\" \/><span class=\"wpcf7-list-item-label\">Rosem\u00e8re<\/span><\/label><\/span><span class=\"wpcf7-list-item\"><label><input type=\"checkbox\" name=\"checkbox-902[]\" value=\"St-Eustache\" \/><span class=\"wpcf7-list-item-label\">St-Eustache<\/span><\/label><\/span><span class=\"wpcf7-list-item\"><label><input type=\"checkbox\" name=\"checkbox-902[]\" value=\"Terrebonne\" \/><span class=\"wpcf7-list-item-label\">Terrebonne<\/span><\/label><\/span><span class=\"wpcf7-list-item last\"><label><input type=\"checkbox\" name=\"checkbox-902[]\" value=\"Other\" \/><span class=\"wpcf7-list-item-label\">Other<\/span><\/label><\/span><\/span><\/span>\n\t\t\t<\/p>\n\t\t<\/div>\n\t\t<div class=\"col-12\">\n\t\t\t<p><label>What is your budget?<br \/>\n<span class=\"wpcf7-form-control-wrap\" data-name=\"select-861\"><select class=\"wpcf7-form-control wpcf7-select wpcf7-validates-as-required\" aria-required=\"true\" aria-invalid=\"false\" name=\"select-861\"><option value=\"\">Select<\/option><option value=\"400,000$\">400,000$<\/option><option value=\"500,000$\">500,000$<\/option><option value=\"600,000$\">600,000$<\/option><option value=\"700,000$\">700,000$<\/option><option value=\"800,000$\">800,000$<\/option><option value=\"900,000$\">900,000$<\/option><option value=\"1,000,000$\">1,000,000$<\/option><option value=\"1,100,000$\">1,100,000$<\/option><option value=\"1,200,000$\">1,200,000$<\/option><option value=\"1,300,000$\">1,300,000$<\/option><option value=\"1,400,000$\">1,400,000$<\/option><option value=\"1,500,000$ and above\">1,500,000$ and above<\/option><\/select><\/span><\/label>\n\t\t\t<\/p>\n\t\t<\/div>\n\t\t<div class=\"col-12\">\n\t\t\t<p><label>When do you want to move in?<br \/>\n<span class=\"wpcf7-form-control-wrap\" data-name=\"select-421\"><select class=\"wpcf7-form-control wpcf7-select wpcf7-validates-as-required\" aria-required=\"true\" aria-invalid=\"false\" name=\"select-421\"><option value=\"\">Select<\/option><option value=\"0 to 60 days\">0 to 60 days<\/option><option value=\"60 to 120 days\">60 to 120 days<\/option><option value=\"4 to 8 months\">4 to 8 months<\/option><option value=\"More than 8 months\">More than 8 months<\/option><\/select><\/span><\/label>\n\t\t\t<\/p>\n\t\t<\/div>\n\t\t<div class=\"col-12\">\n\t\t\t<p>Features<br \/>\n<span class=\"wpcf7-form-control-wrap\" data-name=\"checkbox-772\"><span class=\"wpcf7-form-control wpcf7-checkbox wpcf7-validates-as-required\"><span class=\"wpcf7-list-item first\"><label><input type=\"checkbox\" name=\"checkbox-772[]\" value=\"Finished basement\" \/><span class=\"wpcf7-list-item-label\">Finished basement<\/span><\/label><\/span><span class=\"wpcf7-list-item\"><label><input type=\"checkbox\" name=\"checkbox-772[]\" value=\"Outdoor parking\" \/><span class=\"wpcf7-list-item-label\">Outdoor parking<\/span><\/label><\/span><span class=\"wpcf7-list-item\"><label><input type=\"checkbox\" name=\"checkbox-772[]\" value=\"Garage\" \/><span class=\"wpcf7-list-item-label\">Garage<\/span><\/label><\/span><span class=\"wpcf7-list-item\"><label><input type=\"checkbox\" name=\"checkbox-772[]\" value=\"Yard\/garden\" \/><span class=\"wpcf7-list-item-label\">Yard\/garden<\/span><\/label><\/span><span class=\"wpcf7-list-item\"><label><input type=\"checkbox\" name=\"checkbox-772[]\" value=\"Pool\" \/><span class=\"wpcf7-list-item-label\">Pool<\/span><\/label><\/span><span class=\"wpcf7-list-item last\"><label><input type=\"checkbox\" name=\"checkbox-772[]\" value=\"Fireplace\" \/><span class=\"wpcf7-list-item-label\">Fireplace<\/span><\/label><\/span><\/span><\/span>\n\t\t\t<\/p>\n\t\t<\/div>\n\t\t<div class=\"col-12\">\n\t\t\t<p><label>Other requested criteria or message<br \/>\n<span class=\"wpcf7-form-control-wrap\" data-name=\"your-message\"><textarea cols=\"40\" rows=\"10\" maxlength=\"2000\" class=\"wpcf7-form-control wpcf7-textarea wpcf7-validates-as-required\" aria-required=\"true\" aria-invalid=\"false\" name=\"your-message\"><\/textarea><\/span><\/label>\n\t\t\t<\/p>\n\t\t<\/div>\n\t\t<div class=\"col-12\">\n\t\t\t<p><div class=\"cf7-cf-turnstile\" style=\"margin-top: 0px; margin-bottom: -15px;\"> <div id=\"cf-turnstile-cf7-740177689\" class=\"cf-turnstile\" data-sitekey=\"0x4AAAAAAB8Pyhi2j_MAtnZ7\" data-theme=\"light\" data-language=\"auto\" data-size=\"flexible\" data-retry=\"auto\" data-retry-interval=\"1000\" data-refresh-expired=\"auto\" data-action=\"contact-form-7\" data-appearance=\"interaction-only\"><\/div> <script>document.addEventListener(\"DOMContentLoaded\", function() { setTimeout(function(){ var e=document.getElementById(\"cf-turnstile-cf7-740177689\"); e&&!e.innerHTML.trim()&&(turnstile.remove(\"#cf-turnstile-cf7-740177689\"), turnstile.render(\"#cf-turnstile-cf7-740177689\", {sitekey:\"0x4AAAAAAB8Pyhi2j_MAtnZ7\"})); }, 100); });<\/script> <style>#cf-turnstile-cf7-740177689 iframe { margin-bottom: 15px; }<\/style> <style>#cf-turnstile-cf7-740177689 { margin-left: -15px; }<\/style> <script>document.addEventListener(\"DOMContentLoaded\",function(){document.querySelectorAll('.wpcf7-form').forEach(function(e){e.addEventListener('submit',function(){if(document.getElementById('cf-turnstile-cf7-740177689')){setTimeout(function(){turnstile.reset('#cf-turnstile-cf7-740177689');},1000)}})})});<\/script> <\/div>\n\t\t\t<\/p>\n\t\t<\/div>\n\t<\/div>\n\t<div class=\"row\">\n\t\t<div class=\"col-12\">\n\t\t\t<p><input class=\"wpcf7-form-control wpcf7-submit has-spinner\" type=\"submit\" value=\"Submit\" \/>\n\t\t\t<\/p>\n\t\t<\/div>\n\t<\/div>\n<\/div><div class=\"wpcf7-response-output\" aria-hidden=\"true\"><\/div>\n<\/form>\n<\/div>\n<\/div>\n<\/div>\n\n\n\n<div class=\"wp-block-column is-layout-flow wp-block-column-is-layout-flow\" style=\"flex-basis:33.33%\"><div class=\"bloc-coordonnes\">\n    <h2><strong>Jenny<\/strong> Milevschi<\/h2>\n    <h3>Residential and Commercial Real Estate Broker<\/h3>\n    <a href=\"mailto:jennym@parimmo.ca\">\n        <div class=\"icon\" role=\"img\" aria-label=\"ic\u00f4ne de courriel\">\n            <svg width=\"16\" height=\"16\" viewBox=\"0 0 16 16\" xmlns=\"SVG namespace \">\n                <image href=\"\/wp-content\/themes\/courtier-immobilier\/img\/icon-email-pale.svg\" width=\"16\" height=\"16\"><\/image>\n            <\/svg>\n        <\/div>\n        jennym@parimmo.ca\n    <\/a>\n    <a href=\"tel:5145726111\">\n        <div class=\"icon\" role=\"img\" aria-label=\"ic\u00f4ne de t\u00e9l\u00e9phone\">\n            <svg width=\"16\" height=\"16\" viewBox=\"0 0 16 16\" xmlns=\"SVG namespace \">\n                <image href=\"\/wp-content\/themes\/courtier-immobilier\/img\/icon-tel-pale.svg\" width=\"16\" height=\"16\"><\/image>\n            <\/svg>\n        <\/div>\n        514 572-6111\n    <\/a>\n    <a href=\"https:\/\/www.facebook.com\/JennyCourtierImmobilier\/\" target=\"_blank\" rel=\"noopener\">\n        <div class=\"icon\" role=\"img\" aria-label=\"Ic\u00f4ne de Facebook\">\n            <svg width=\"16\" height=\"16\" viewBox=\"0 0 16 16\" xmlns=\"SVG namespace \">\n                <image href=\"\/wp-content\/themes\/courtier-immobilier\/img\/icon-facebook-pale.svg\" width=\"16\" height=\"16\"><\/image>\n            <\/svg>\n        <\/div>\n    <\/a>\n<\/div><\/div>\n<\/div>\n","protected":false},"excerpt":{"rendered":"","protected":false},"author":1,"featured_media":0,"parent":0,"menu_order":0,"comment_status":"closed","ping_status":"closed","template":"","meta":{"_acf_changed":false,"footnotes":""},"class_list":["post-296","page","type-page","status-publish","hentry"],"acf":[],"_links":{"self":[{"href":"https:\/\/www.jennyimmorivenord.com\/en\/wp-json\/wp\/v2\/pages\/296","targetHints":{"allow":["GET"]}}],"collection":[{"href":"https:\/\/www.jennyimmorivenord.com\/en\/wp-json\/wp\/v2\/pages"}],"about":[{"href":"https:\/\/www.jennyimmorivenord.com\/en\/wp-json\/wp\/v2\/types\/page"}],"author":[{"embeddable":true,"href":"https:\/\/www.jennyimmorivenord.com\/en\/wp-json\/wp\/v2\/users\/1"}],"replies":[{"embeddable":true,"href":"https:\/\/www.jennyimmorivenord.com\/en\/wp-json\/wp\/v2\/comments?post=296"}],"version-history":[{"count":3,"href":"https:\/\/www.jennyimmorivenord.com\/en\/wp-json\/wp\/v2\/pages\/296\/revisions"}],"predecessor-version":[{"id":718,"href":"https:\/\/www.jennyimmorivenord.com\/en\/wp-json\/wp\/v2\/pages\/296\/revisions\/718"}],"wp:attachment":[{"href":"https:\/\/www.jennyimmorivenord.com\/en\/wp-json\/wp\/v2\/media?parent=296"}],"curies":[{"name":"wp","href":"https:\/\/api.w.org\/{rel}","templated":true}]}}