{"id":298,"date":"2025-09-17T10:06:41","date_gmt":"2025-09-17T14:06:41","guid":{"rendered":"http:\/\/courtier-immobilier.local\/00000acheter\/"},"modified":"2025-10-31T16:49:16","modified_gmt":"2025-10-31T20:49:16","slug":"buy","status":"publish","type":"page","link":"https:\/\/www.jennyimmorivenord.com\/en\/buy\/","title":{"rendered":"Buy"},"content":{"rendered":"\n<div class=\"wp-block-columns is-layout-flex wp-container-core-columns-is-layout-9d6595d7 wp-block-columns-is-layout-flex\">\n<div class=\"wp-block-column is-layout-flow wp-block-column-is-layout-flow\" style=\"flex-basis:66.66%\">\n<h2 class=\"wp-block-heading\">Buy Strategy<\/h2>\n\n\n\n<p>Acquiring a property is a major milestone that requires precision, discernment and expertise. Through a structured approach and an in-depth understanding of the market, I guide my clients through every stage of the buying process to ensure a seamless, strategic and fully secure experience.<\/p>\n\n\n\n<ol class=\"wp-block-list\">\n<li><strong>Needs Analysis and Goal Definition<\/strong><\/li>\n<\/ol>\n\n\n\n<p>Every project begins with a clear understanding of your needs, criteria and expectations. This in-depth analysis allows me to design a buying strategy perfectly aligned with your lifestyle and priorities.<\/p>\n\n\n\n<ol start=\"2\" class=\"wp-block-list\">\n<li><strong>Market Analysis and Strategic Selection<\/strong><\/li>\n<\/ol>\n\n\n\n<p>Supported by professional tools and continuous market monitoring, my approach aims to identify the most relevant opportunities while assessing the true value of each property, based on current trends and sector conditions.<\/p>\n\n\n\n<ol start=\"3\" class=\"wp-block-list\">\n<li><strong>Negotiation and Personalized Support<\/strong><\/li>\n<\/ol>\n\n\n\n<p>My negotiation expertise enables me to effectively and professionally defend your interests, ensuring you obtain the most favorable terms possible. I accompany you at every stage \u2014 from offer analysis to the final transaction \u2014 with transparency, precision, and discretion.<\/p>\n\n\n\n<p>\ud83c\udfaf <strong>Objective<\/strong>: To offer you a distinctive buying experience, built on trust, strategy and service excellence.<\/p>\n<\/div>\n\n\n\n<div class=\"wp-block-column is-layout-flow wp-block-column-is-layout-flow\" style=\"flex-basis:33.33%\">\n<h3 class=\"wp-block-heading\">Planning to buy a property?<\/h3>\n\n\n\n<p>Contact me for a no-pressure meeting. Together, let\u2019s make your purchase a positive, strategic, and reassuring experience.<\/p>\n\n\n\n<div style=\"height:30px\" aria-hidden=\"true\" class=\"wp-block-spacer\"><\/div>\n\n\n<div class=\"bloc-coordonnes\">\n    <h2><strong>Jenny<\/strong> Milevschi<\/h2>\n    <h3>Residential and Commercial Real Estate Broker<\/h3>\n    <a href=\"mailto:jennym@parimmo.ca\">\n        <div class=\"icon\" role=\"img\" aria-label=\"ic\u00f4ne de courriel\">\n            <svg width=\"16\" height=\"16\" viewBox=\"0 0 16 16\" xmlns=\"SVG namespace \">\n                <image href=\"\/wp-content\/themes\/courtier-immobilier\/img\/icon-email-pale.svg\" width=\"16\" height=\"16\"><\/image>\n            <\/svg>\n        <\/div>\n        jennym@parimmo.ca\n    <\/a>\n    <a href=\"tel:5145726111\">\n        <div class=\"icon\" role=\"img\" aria-label=\"ic\u00f4ne de t\u00e9l\u00e9phone\">\n            <svg width=\"16\" height=\"16\" viewBox=\"0 0 16 16\" xmlns=\"SVG namespace \">\n                <image href=\"\/wp-content\/themes\/courtier-immobilier\/img\/icon-tel-pale.svg\" width=\"16\" height=\"16\"><\/image>\n            <\/svg>\n        <\/div>\n        514 572-6111\n    <\/a>\n    <a href=\"https:\/\/www.facebook.com\/JennyCourtierImmobilier\/\" target=\"_blank\" rel=\"noopener\">\n        <div class=\"icon\" role=\"img\" aria-label=\"Ic\u00f4ne de Facebook\">\n            <svg width=\"16\" height=\"16\" viewBox=\"0 0 16 16\" xmlns=\"SVG namespace \">\n                <image href=\"\/wp-content\/themes\/courtier-immobilier\/img\/icon-facebook-pale.svg\" width=\"16\" height=\"16\"><\/image>\n            <\/svg>\n        <\/div>\n    <\/a>\n<\/div>\n\n\n<h3 class=\"wp-block-heading\">Write Me<\/h3>\n\n\n\n<div class=\"wp-block-contact-form-7-contact-form-selector\">\n<div class=\"wpcf7 no-js\" id=\"wpcf7-f443-o1\" lang=\"en-US\" dir=\"ltr\" data-wpcf7-id=\"443\">\n<div class=\"screen-reader-response\"><p role=\"status\" aria-live=\"polite\" aria-atomic=\"true\"><\/p> <ul><\/ul><\/div>\n<form action=\"\/en\/wp-json\/wp\/v2\/pages\/298#wpcf7-f443-o1\" method=\"post\" class=\"wpcf7-form init\" aria-label=\"Contact form\" novalidate=\"novalidate\" data-status=\"init\">\n<fieldset class=\"hidden-fields-container\"><input type=\"hidden\" name=\"_wpcf7\" value=\"443\" \/><input type=\"hidden\" name=\"_wpcf7_version\" value=\"6.1.5\" \/><input type=\"hidden\" name=\"_wpcf7_locale\" value=\"en_US\" \/><input type=\"hidden\" name=\"_wpcf7_unit_tag\" value=\"wpcf7-f443-o1\" \/><input type=\"hidden\" name=\"_wpcf7_container_post\" value=\"0\" \/><input type=\"hidden\" name=\"_wpcf7_posted_data_hash\" value=\"\" \/>\n<\/fieldset>\n<div class=\"container\">\n\t<div class=\"row\">\n\t\t<div class=\"col-12\">\n\t\t\t<p><label>Full Name<br \/>\n<span class=\"wpcf7-form-control-wrap\" data-name=\"your-name\"><input size=\"40\" maxlength=\"400\" class=\"wpcf7-form-control wpcf7-text wpcf7-validates-as-required\" autocomplete=\"name\" aria-required=\"true\" aria-invalid=\"false\" value=\"\" type=\"text\" name=\"your-name\" \/><\/span><\/label>\n\t\t\t<\/p>\n\t\t<\/div>\n\t\t<div class=\"col-12\">\n\t\t\t<p><label>Email<br \/>\n<span class=\"wpcf7-form-control-wrap\" data-name=\"your-email\"><input size=\"40\" maxlength=\"400\" class=\"wpcf7-form-control wpcf7-email wpcf7-validates-as-required wpcf7-text wpcf7-validates-as-email\" autocomplete=\"email\" aria-required=\"true\" aria-invalid=\"false\" value=\"\" type=\"email\" name=\"your-email\" \/><\/span><\/label>\n\t\t\t<\/p>\n\t\t<\/div>\n\t\t<div class=\"col-12\">\n\t\t\t<p><label>Your Message<br \/>\n<span class=\"wpcf7-form-control-wrap\" data-name=\"your-message\"><textarea cols=\"40\" rows=\"10\" maxlength=\"2000\" class=\"wpcf7-form-control wpcf7-textarea\" aria-invalid=\"false\" name=\"your-message\"><\/textarea><\/span><\/label>\n\t\t\t<\/p>\n\t\t<\/div>\n\t\t<div class=\"col-12\">\n\t\t\t<p><div class=\"cf7-cf-turnstile\" style=\"margin-top: 0px; margin-bottom: -15px;\"> <div id=\"cf-turnstile-cf7-3492864401\" class=\"cf-turnstile\" data-sitekey=\"0x4AAAAAAB8Pyhi2j_MAtnZ7\" data-theme=\"light\" data-language=\"auto\" data-size=\"flexible\" data-retry=\"auto\" data-retry-interval=\"1000\" data-refresh-expired=\"auto\" data-action=\"contact-form-7\" data-appearance=\"interaction-only\"><\/div> <script>document.addEventListener(\"DOMContentLoaded\", function() { setTimeout(function(){ var e=document.getElementById(\"cf-turnstile-cf7-3492864401\"); e&&!e.innerHTML.trim()&&(turnstile.remove(\"#cf-turnstile-cf7-3492864401\"), turnstile.render(\"#cf-turnstile-cf7-3492864401\", {sitekey:\"0x4AAAAAAB8Pyhi2j_MAtnZ7\"})); }, 100); });<\/script> <style>#cf-turnstile-cf7-3492864401 iframe { margin-bottom: 15px; }<\/style> <style>#cf-turnstile-cf7-3492864401 { margin-left: -15px; }<\/style> <script>document.addEventListener(\"DOMContentLoaded\",function(){document.querySelectorAll('.wpcf7-form').forEach(function(e){e.addEventListener('submit',function(){if(document.getElementById('cf-turnstile-cf7-3492864401')){setTimeout(function(){turnstile.reset('#cf-turnstile-cf7-3492864401');},1000)}})})});<\/script> <\/div>\n\t\t\t<\/p>\n\t\t<\/div>\n\t<\/div>\n\t<div class=\"row\">\n\t\t<div class=\"col-12\">\n\t\t\t<p><input class=\"wpcf7-form-control wpcf7-submit has-spinner\" type=\"submit\" value=\"Submit\" \/>\n\t\t\t<\/p>\n\t\t<\/div>\n\t<\/div>\n<\/div><div class=\"wpcf7-response-output\" aria-hidden=\"true\"><\/div>\n<\/form>\n<\/div>\n<\/div>\n<\/div>\n<\/div>\n\n\n\n<div style=\"height:100px\" aria-hidden=\"true\" class=\"wp-block-spacer\"><\/div>\n\n\n\n<section class=\"bloc-alerte-immobiliere\">\n    <div class=\"container\">\n        <div>\n                            <h2>Property alert<\/h2>\n                                        <p>Sign up for the free real estate alert and don&#039;t miss any opportunities by receiving all new listings matching your search criteria as soon as they are posted!<\/p>\n                                        <a href=\"https:\/\/www.jennyimmorivenord.com\/alerte-immobiliere\/\" class=\"btn\">\n                    Get Property Alerts                            \n                <\/a>\n                    <\/div>\n    <\/div>\n<\/section>","protected":false},"excerpt":{"rendered":"<p>Buy Strategy Acquiring a property is a major milestone that requires precision, discernment and expertise. Through a structured approach and an in-depth understanding of the market, I guide my clients through every stage of the buying process to ensure a seamless, strategic and fully secure experience. Every project begins with a clear understanding of your [&hellip;]<\/p>\n","protected":false},"author":1,"featured_media":0,"parent":0,"menu_order":0,"comment_status":"closed","ping_status":"closed","template":"","meta":{"_acf_changed":false,"footnotes":""},"class_list":["post-298","page","type-page","status-publish","hentry"],"acf":[],"_links":{"self":[{"href":"https:\/\/www.jennyimmorivenord.com\/en\/wp-json\/wp\/v2\/pages\/298","targetHints":{"allow":["GET"]}}],"collection":[{"href":"https:\/\/www.jennyimmorivenord.com\/en\/wp-json\/wp\/v2\/pages"}],"about":[{"href":"https:\/\/www.jennyimmorivenord.com\/en\/wp-json\/wp\/v2\/types\/page"}],"author":[{"embeddable":true,"href":"https:\/\/www.jennyimmorivenord.com\/en\/wp-json\/wp\/v2\/users\/1"}],"replies":[{"embeddable":true,"href":"https:\/\/www.jennyimmorivenord.com\/en\/wp-json\/wp\/v2\/comments?post=298"}],"version-history":[{"count":8,"href":"https:\/\/www.jennyimmorivenord.com\/en\/wp-json\/wp\/v2\/pages\/298\/revisions"}],"predecessor-version":[{"id":515,"href":"https:\/\/www.jennyimmorivenord.com\/en\/wp-json\/wp\/v2\/pages\/298\/revisions\/515"}],"wp:attachment":[{"href":"https:\/\/www.jennyimmorivenord.com\/en\/wp-json\/wp\/v2\/media?parent=298"}],"curies":[{"name":"wp","href":"https:\/\/api.w.org\/{rel}","templated":true}]}}