{"id":300,"date":"2025-09-17T09:52:20","date_gmt":"2025-09-17T13:52:20","guid":{"rendered":"http:\/\/courtier-immobilier.local\/about-me\/"},"modified":"2025-10-31T16:45:06","modified_gmt":"2025-10-31T20:45:06","slug":"about-me","status":"publish","type":"page","link":"https:\/\/www.jennyimmorivenord.com\/en\/about-me\/","title":{"rendered":"About Me"},"content":{"rendered":"\n<div class=\"wp-block-columns is-layout-flex wp-container-core-columns-is-layout-9d6595d7 wp-block-columns-is-layout-flex\">\n<div class=\"wp-block-column is-layout-flow wp-block-column-is-layout-flow\" style=\"flex-basis:66.66%\">\n<p>Endowed with a strong business sense and a genuine passion for human relations, I naturally built my career in the world of sales. Following studies in administration and marketing, I gained extensive experience across various commercial sectors before turning to a field that had always captivated me \u2014 real estate.<\/p>\n\n\n\n<p>In the summer of 2004, I obtained my residential, commercial, and mortgage real estate broker\u2019s license from the Real Estate Institute. Since then, I have pursued my profession with  professionalism and precision, leveraging my expertise in strategy, negotiation and client advisory to deliver excellence in every transaction.<\/p>\n\n\n\n<p>Specialized in residential brokerage on Montreal\u2019s North Shore, I have developed a recognized expertise in the markets of Lorraine, Fontainebleau, and Rosem\u00e8re. My in-depth understanding of these areas enables me to provide clients with insightful guidance grounded in analysis, transparency, and measurable performance.<\/p>\n\n\n\n<p>Fluent in French, English and Romanian, with proficiency in Spanish, I am able to offer a personalized, high-caliber service to both local and international clients.<\/p>\n\n\n\n<p>Guided by the values of integrity and excellence, I am committed to supporting my clients through each stage of their real estate journey, ensuring a seamless process and outstanding results.<\/p>\n\n\n\n<p>Contact me to discuss your real estate objectives and discover how I can help you achieve them with confidence and success.<\/p>\n\n\n\n<p><br>\ud83c\udfaf <strong>Objective<\/strong>: Real estate excellence, fueled by experience and passion.<\/p>\n<\/div>\n\n\n\n<div class=\"wp-block-column is-layout-flow wp-block-column-is-layout-flow\" style=\"flex-basis:33.33%\">\n<div style=\"height:30px\" aria-hidden=\"true\" class=\"wp-block-spacer\"><\/div>\n\n\n<div class=\"bloc-coordonnes\">\n    <img decoding=\"async\" src=\"\/wp-content\/themes\/courtier-immobilier\/img\/content\/jenny-milevschi-small.jpg\" alt=\"\" class=\"jenny\" style=\"width: auto; height: 220px;\">\n    <h2><strong>Jenny<\/strong> Milevschi<\/h2>\n    <h3>Residential and Commercial Real Estate Broker<\/h3>\n    <a href=\"mailto:jennym@parimmo.ca\">\n        <div class=\"icon\" role=\"img\" aria-label=\"ic\u00f4ne de courriel\">\n            <svg width=\"16\" height=\"16\" viewBox=\"0 0 16 16\" xmlns=\"SVG namespace \">\n                <image href=\"\/wp-content\/themes\/courtier-immobilier\/img\/icon-email-pale.svg\" width=\"16\" height=\"16\"><\/image>\n            <\/svg>\n        <\/div>\n        jennym@parimmo.ca\n    <\/a>\n    <a href=\"tel:5145726111\">\n        <div class=\"icon\" role=\"img\" aria-label=\"ic\u00f4ne de t\u00e9l\u00e9phone\">\n            <svg width=\"16\" height=\"16\" viewBox=\"0 0 16 16\" xmlns=\"SVG namespace \">\n                <image href=\"\/wp-content\/themes\/courtier-immobilier\/img\/icon-tel-pale.svg\" width=\"16\" height=\"16\"><\/image>\n            <\/svg>\n        <\/div>\n        514 572-6111\n    <\/a>\n    <a href=\"https:\/\/www.facebook.com\/JennyCourtierImmobilier\/\" target=\"_blank\" rel=\"noopener\">\n        <div class=\"icon\" role=\"img\" aria-label=\"Ic\u00f4ne de Facebook\">\n            <svg width=\"16\" height=\"16\" viewBox=\"0 0 16 16\" xmlns=\"SVG namespace \">\n                <image href=\"\/wp-content\/themes\/courtier-immobilier\/img\/icon-facebook-pale.svg\" width=\"16\" height=\"16\"><\/image>\n            <\/svg>\n        <\/div>\n    <\/a>\n<\/div><\/div>\n<\/div>\n\n\n<!-- Template bloc-testimonials charg\u00e9 --><!-- Master block ID: 326 -->    <section class=\"bloc-testimonials\">\n        <div class=\"container\">\n                            <h2>Why I got into real estate<\/h2>\n            \n            <div class=\"bloc-slick\">\n                                    <div class=\"testimonial\">\n                        <div>\n                            <div>\n                            <h3>Let&#039;s live in the present moment as I am living in the present moment now.<br \/>\r\n<br \/>\r\nI am sitting outside on the cottage porch.<br \/>\r\nThis is my second to last evening here.<br \/>\r\n<br \/>\r\nWhat memories, 27 years of happiness!!!!!<\/h3>                            <p>\u2014 Michel<\/p>                            <\/div>\n                        <\/div>\n                    <\/div>\n                                    <div class=\"testimonial\">\n                        <div>\n                            <div>\n                            <h3>She put me at ease with her very structured approach. She advised me very well throughout this adventure.<br \/>\r\n<br \/>\r\nA true value-added broker!<\/h3>                            <p>\u2014 Huguette<\/p>                            <\/div>\n                        <\/div>\n                    <\/div>\n                                    <div class=\"testimonial\">\n                        <div>\n                            <div>\n                            <h3>Jenny knows the market perfectly and was able to negotiate a favorable offer for us. A real pleasure to work with her.<\/h3>                            <p>\u2014 \u00c9ric<\/p>                            <\/div>\n                        <\/div>\n                    <\/div>\n                                    <div class=\"testimonial\">\n                        <div>\n                            <div>\n                            <h3>We must recognize Jenny&#039;s exceptional professionalism. She guided us clearly and expertly through every step of our home-buying journey. Thanks to her commitment, we found the perfect house we needed. Her dedication was invaluable.<\/h3>                            <p>\u2014 James &amp; Sophie<\/p>                            <\/div>\n                        <\/div>\n                    <\/div>\n                            <\/div>\n        <\/div>\n    <\/section>\n\n\n\n<div style=\"height:100px\" aria-hidden=\"true\" class=\"wp-block-spacer\"><\/div>\n","protected":false},"excerpt":{"rendered":"<p>Endowed with a strong business sense and a genuine passion for human relations, I naturally built my career in the world of sales. Following studies in administration and marketing, I gained extensive experience across various commercial sectors before turning to a field that had always captivated me \u2014 real estate. In the summer of 2004, [&hellip;]<\/p>\n","protected":false},"author":1,"featured_media":0,"parent":0,"menu_order":0,"comment_status":"closed","ping_status":"closed","template":"","meta":{"_acf_changed":false,"footnotes":""},"class_list":["post-300","page","type-page","status-publish","hentry"],"acf":[],"_links":{"self":[{"href":"https:\/\/www.jennyimmorivenord.com\/en\/wp-json\/wp\/v2\/pages\/300","targetHints":{"allow":["GET"]}}],"collection":[{"href":"https:\/\/www.jennyimmorivenord.com\/en\/wp-json\/wp\/v2\/pages"}],"about":[{"href":"https:\/\/www.jennyimmorivenord.com\/en\/wp-json\/wp\/v2\/types\/page"}],"author":[{"embeddable":true,"href":"https:\/\/www.jennyimmorivenord.com\/en\/wp-json\/wp\/v2\/users\/1"}],"replies":[{"embeddable":true,"href":"https:\/\/www.jennyimmorivenord.com\/en\/wp-json\/wp\/v2\/comments?post=300"}],"version-history":[{"count":13,"href":"https:\/\/www.jennyimmorivenord.com\/en\/wp-json\/wp\/v2\/pages\/300\/revisions"}],"predecessor-version":[{"id":548,"href":"https:\/\/www.jennyimmorivenord.com\/en\/wp-json\/wp\/v2\/pages\/300\/revisions\/548"}],"wp:attachment":[{"href":"https:\/\/www.jennyimmorivenord.com\/en\/wp-json\/wp\/v2\/media?parent=300"}],"curies":[{"name":"wp","href":"https:\/\/api.w.org\/{rel}","templated":true}]}}