{"id":314,"date":"2025-09-17T10:06:31","date_gmt":"2025-09-17T14:06:31","guid":{"rendered":"http:\/\/courtier-immobilier.local\/vendre\/"},"modified":"2025-10-31T16:50:45","modified_gmt":"2025-10-31T20:50:45","slug":"sell","status":"publish","type":"page","link":"https:\/\/www.jennyimmorivenord.com\/en\/sell\/","title":{"rendered":"Sell"},"content":{"rendered":"\n<div class=\"wp-block-columns is-layout-flex wp-container-core-columns-is-layout-9d6595d7 wp-block-columns-is-layout-flex\">\n<div class=\"wp-block-column is-layout-flow wp-block-column-is-layout-flow\" style=\"flex-basis:66.66%\">\n<h2 class=\"wp-block-heading\">Selling Strategy<\/h2>\n\n\n\n<p>Selling a property requires a methodical approach, meticulous marketing and a positioning strategy tailored to the unique profile of each home. My role is to maximize the value of your property while ensuring a smooth, secure and efficient transaction.<\/p>\n\n\n\n<ol class=\"wp-block-list\">\n<li><strong>Market Analysis and Strategic Evaluation<\/strong><\/li>\n<\/ol>\n\n\n\n<p>Each mandate begins with an in-depth analysis of the market and current trends. This precise evaluation helps establish a fair and competitive price while positioning your property optimally to attract qualified buyers.<\/p>\n\n\n\n<ol start=\"2\" class=\"wp-block-list\">\n<li><strong>Property Enhancement and Targeted Marketing<\/strong><\/li>\n<\/ol>\n\n\n\n<p>I implement a comprehensive marketing strategy that combines professional photography, home staging, digital platform visibility, and targeted campaigns. The goal: to showcase your property at its very best and maximize its reach among the right audience.<\/p>\n\n\n\n<ol start=\"3\" class=\"wp-block-list\">\n<li><strong>Visit Management and Negotiation<\/strong><\/li>\n<\/ol>\n\n\n\n<p>I handle every stage of the process with professionalism and precision \u2014 from scheduling visits to managing offers. My negotiation expertise ensures your interests are fully protected and that you obtain the best possible terms, all, while respecting your objectives and timeline.<\/p>\n\n\n\n<p>\ud83c\udfaf Objective: To enhance your property\u2019s value, optimize its visibility, and achieve a successful sale within the best possible timeframe.<\/p>\n<\/div>\n\n\n\n<div class=\"wp-block-column is-layout-flow wp-block-column-is-layout-flow\" style=\"flex-basis:33.33%\">\n<h3 class=\"wp-block-heading\">Planning to sell your property?<\/h3>\n\n\n\n<p>Contact me for a no-pressure meeting. Together, let\u2019s make your purchase a positive, strategic, and reassuring experience.<\/p>\n\n\n\n<div style=\"height:30px\" aria-hidden=\"true\" class=\"wp-block-spacer\"><\/div>\n\n\n<div class=\"bloc-coordonnes\">\n    <h2><strong>Jenny<\/strong> Milevschi<\/h2>\n    <h3>Residential and Commercial Real Estate Broker<\/h3>\n    <a href=\"mailto:jennym@parimmo.ca\">\n        <div class=\"icon\" role=\"img\" aria-label=\"ic\u00f4ne de courriel\">\n            <svg width=\"16\" height=\"16\" viewBox=\"0 0 16 16\" xmlns=\"SVG namespace \">\n                <image href=\"\/wp-content\/themes\/courtier-immobilier\/img\/icon-email-pale.svg\" width=\"16\" height=\"16\"><\/image>\n            <\/svg>\n        <\/div>\n        jennym@parimmo.ca\n    <\/a>\n    <a href=\"tel:5145726111\">\n        <div class=\"icon\" role=\"img\" aria-label=\"ic\u00f4ne de t\u00e9l\u00e9phone\">\n            <svg width=\"16\" height=\"16\" viewBox=\"0 0 16 16\" xmlns=\"SVG namespace \">\n                <image href=\"\/wp-content\/themes\/courtier-immobilier\/img\/icon-tel-pale.svg\" width=\"16\" height=\"16\"><\/image>\n            <\/svg>\n        <\/div>\n        514 572-6111\n    <\/a>\n    <a href=\"https:\/\/www.facebook.com\/JennyCourtierImmobilier\/\" target=\"_blank\" rel=\"noopener\">\n        <div class=\"icon\" role=\"img\" aria-label=\"Ic\u00f4ne de Facebook\">\n            <svg width=\"16\" height=\"16\" viewBox=\"0 0 16 16\" xmlns=\"SVG namespace \">\n                <image href=\"\/wp-content\/themes\/courtier-immobilier\/img\/icon-facebook-pale.svg\" width=\"16\" height=\"16\"><\/image>\n            <\/svg>\n        <\/div>\n    <\/a>\n<\/div>\n\n\n<h3 class=\"wp-block-heading\">Write Me<\/h3>\n\n\n\n<div class=\"wp-block-contact-form-7-contact-form-selector\">\n<div class=\"wpcf7 no-js\" id=\"wpcf7-f443-o1\" lang=\"en-US\" dir=\"ltr\" data-wpcf7-id=\"443\">\n<div class=\"screen-reader-response\"><p role=\"status\" aria-live=\"polite\" aria-atomic=\"true\"><\/p> <ul><\/ul><\/div>\n<form action=\"\/en\/wp-json\/wp\/v2\/pages\/314#wpcf7-f443-o1\" method=\"post\" class=\"wpcf7-form init\" aria-label=\"Contact form\" novalidate=\"novalidate\" data-status=\"init\">\n<fieldset class=\"hidden-fields-container\"><input type=\"hidden\" name=\"_wpcf7\" value=\"443\" \/><input type=\"hidden\" name=\"_wpcf7_version\" value=\"6.1.5\" \/><input type=\"hidden\" name=\"_wpcf7_locale\" value=\"en_US\" \/><input type=\"hidden\" name=\"_wpcf7_unit_tag\" value=\"wpcf7-f443-o1\" \/><input type=\"hidden\" name=\"_wpcf7_container_post\" value=\"0\" \/><input type=\"hidden\" name=\"_wpcf7_posted_data_hash\" value=\"\" \/>\n<\/fieldset>\n<div class=\"container\">\n\t<div class=\"row\">\n\t\t<div class=\"col-12\">\n\t\t\t<p><label>Full Name<br \/>\n<span class=\"wpcf7-form-control-wrap\" data-name=\"your-name\"><input size=\"40\" maxlength=\"400\" class=\"wpcf7-form-control wpcf7-text wpcf7-validates-as-required\" autocomplete=\"name\" aria-required=\"true\" aria-invalid=\"false\" value=\"\" type=\"text\" name=\"your-name\" \/><\/span><\/label>\n\t\t\t<\/p>\n\t\t<\/div>\n\t\t<div class=\"col-12\">\n\t\t\t<p><label>Email<br \/>\n<span class=\"wpcf7-form-control-wrap\" data-name=\"your-email\"><input size=\"40\" maxlength=\"400\" class=\"wpcf7-form-control wpcf7-email wpcf7-validates-as-required wpcf7-text wpcf7-validates-as-email\" autocomplete=\"email\" aria-required=\"true\" aria-invalid=\"false\" value=\"\" type=\"email\" name=\"your-email\" \/><\/span><\/label>\n\t\t\t<\/p>\n\t\t<\/div>\n\t\t<div class=\"col-12\">\n\t\t\t<p><label>Your Message<br \/>\n<span class=\"wpcf7-form-control-wrap\" data-name=\"your-message\"><textarea cols=\"40\" rows=\"10\" maxlength=\"2000\" class=\"wpcf7-form-control wpcf7-textarea\" aria-invalid=\"false\" name=\"your-message\"><\/textarea><\/span><\/label>\n\t\t\t<\/p>\n\t\t<\/div>\n\t\t<div class=\"col-12\">\n\t\t\t<p><div class=\"cf7-cf-turnstile\" style=\"margin-top: 0px; margin-bottom: -15px;\"> <div id=\"cf-turnstile-cf7-2505413930\" class=\"cf-turnstile\" data-sitekey=\"0x4AAAAAAB8Pyhi2j_MAtnZ7\" data-theme=\"light\" data-language=\"auto\" data-size=\"flexible\" data-retry=\"auto\" data-retry-interval=\"1000\" data-refresh-expired=\"auto\" data-action=\"contact-form-7\" data-appearance=\"interaction-only\"><\/div> <script>document.addEventListener(\"DOMContentLoaded\", function() { setTimeout(function(){ var e=document.getElementById(\"cf-turnstile-cf7-2505413930\"); e&&!e.innerHTML.trim()&&(turnstile.remove(\"#cf-turnstile-cf7-2505413930\"), turnstile.render(\"#cf-turnstile-cf7-2505413930\", {sitekey:\"0x4AAAAAAB8Pyhi2j_MAtnZ7\"})); }, 100); });<\/script> <style>#cf-turnstile-cf7-2505413930 iframe { margin-bottom: 15px; }<\/style> <style>#cf-turnstile-cf7-2505413930 { margin-left: -15px; }<\/style> <script>document.addEventListener(\"DOMContentLoaded\",function(){document.querySelectorAll('.wpcf7-form').forEach(function(e){e.addEventListener('submit',function(){if(document.getElementById('cf-turnstile-cf7-2505413930')){setTimeout(function(){turnstile.reset('#cf-turnstile-cf7-2505413930');},1000)}})})});<\/script> <\/div>\n\t\t\t<\/p>\n\t\t<\/div>\n\t<\/div>\n\t<div class=\"row\">\n\t\t<div class=\"col-12\">\n\t\t\t<p><input class=\"wpcf7-form-control wpcf7-submit has-spinner\" type=\"submit\" value=\"Submit\" \/>\n\t\t\t<\/p>\n\t\t<\/div>\n\t<\/div>\n<\/div><div class=\"wpcf7-response-output\" aria-hidden=\"true\"><\/div>\n<\/form>\n<\/div>\n<\/div>\n<\/div>\n<\/div>\n\n\n\n<div style=\"height:100px\" aria-hidden=\"true\" class=\"wp-block-spacer\"><\/div>\n\n\n\n\n<section class=\"bloc-text-photobackground \">\n    <div class=\"row\">\n        <div class=\"col-12 col-md-6\">\n            <div>\n                <img decoding=\"async\" src=\"https:\/\/www.jennyimmorivenord.com\/wp-content\/themes\/courtier-immobilier\/img\/content\/maison-porte-rouge-small.jpg\" alt=\"\" class=\"Maison\">\n            <\/div>                \n        <\/div>\n        <div class=\"col-12 col-md-6\">\n            <div>\n                                    <h2>What is my home worth?<\/h2>\n                                                    <p>Get a free estimate of your property&#039;s value.<\/p>\n                                                    <a href=\"https:\/\/www.jennyimmorivenord.com\/estimation-immobiliere\/\" class=\"btn\">\n                        Get a Real Estate Appraisal                            \n                    <\/a>\n                 \n            <\/div>\n        <\/div>            \n    <\/div>\n<\/section>","protected":false},"excerpt":{"rendered":"<p>Selling Strategy Selling a property requires a methodical approach, meticulous marketing and a positioning strategy tailored to the unique profile of each home. My role is to maximize the value of your property while ensuring a smooth, secure and efficient transaction. Each mandate begins with an in-depth analysis of the market and current trends. This [&hellip;]<\/p>\n","protected":false},"author":1,"featured_media":0,"parent":0,"menu_order":0,"comment_status":"closed","ping_status":"closed","template":"","meta":{"_acf_changed":false,"footnotes":""},"class_list":["post-314","page","type-page","status-publish","hentry"],"acf":[],"_links":{"self":[{"href":"https:\/\/www.jennyimmorivenord.com\/en\/wp-json\/wp\/v2\/pages\/314","targetHints":{"allow":["GET"]}}],"collection":[{"href":"https:\/\/www.jennyimmorivenord.com\/en\/wp-json\/wp\/v2\/pages"}],"about":[{"href":"https:\/\/www.jennyimmorivenord.com\/en\/wp-json\/wp\/v2\/types\/page"}],"author":[{"embeddable":true,"href":"https:\/\/www.jennyimmorivenord.com\/en\/wp-json\/wp\/v2\/users\/1"}],"replies":[{"embeddable":true,"href":"https:\/\/www.jennyimmorivenord.com\/en\/wp-json\/wp\/v2\/comments?post=314"}],"version-history":[{"count":9,"href":"https:\/\/www.jennyimmorivenord.com\/en\/wp-json\/wp\/v2\/pages\/314\/revisions"}],"predecessor-version":[{"id":550,"href":"https:\/\/www.jennyimmorivenord.com\/en\/wp-json\/wp\/v2\/pages\/314\/revisions\/550"}],"wp:attachment":[{"href":"https:\/\/www.jennyimmorivenord.com\/en\/wp-json\/wp\/v2\/media?parent=314"}],"curies":[{"name":"wp","href":"https:\/\/api.w.org\/{rel}","templated":true}]}}